{"id":478,"date":"2023-04-19T10:02:27","date_gmt":"2023-04-19T08:02:27","guid":{"rendered":"https:\/\/algranobistro.com\/politica-de-cookies\/"},"modified":"2024-05-23T16:27:08","modified_gmt":"2024-05-23T14:27:08","slug":"politica-de-cookies","status":"publish","type":"page","link":"https:\/\/algranobistro.com\/ca\/politica-de-cookies\/","title":{"rendered":"Pol\u00edtica de cookies"},"content":{"rendered":"<section class=\"l-section wpb_row height_medium\"><div class=\"l-section-h i-cf\"><div class=\"g-cols vc_row via_grid cols_1 laptops-cols_inherit tablets-cols_inherit mobiles-cols_1 valign_top type_default stacking_default\"><div class=\"wpb_column vc_column_container\"><div class=\"vc_column-inner\"><div class=\"wpb_text_column\"><div class=\"wpb_wrapper\"><p><strong>Bijective Property, S.L.,<\/strong> d&#8217;ara endavant, <strong>Bijective Property<\/strong>,utilitza <strong>\u00abCOOKIES\u00bb<\/strong> per garantir el correcte funcionament del nostre portal web, millorant la seguretat, per obtenir una efic\u00e0cia i una personalitzaci\u00f3 superiors, per recollir dades estad\u00edstiques i per mostrar publicitat rellevant.<\/p>\n<p>Marqueu en un Check, <strong> \u00abACCEPTAR\u00bb<\/strong> per autoritzar-ne l&#8217;\u00fas, amb un altre Check, <strong>\u201cREBUTZAR\u201d<\/strong> per rebutjar-les i un altre Check <strong> \u201cMES INFORMACI\u00d3\u201d <\/strong> per oferir la informaci\u00f3 de les de totes les cookies. En cas de rebutjar-les, <strong>Bijective Property<\/strong><strong>, <\/strong> no pot garantir la plena funcionalitat de la p\u00e0gina. Podeu obtenir m\u00e9s informaci\u00f3 a la nostra <strong>POL\u00cdTICA DE COOKIES<\/strong><strong>(link) <\/strong> a peu de p\u00e0gina.<\/p>\n<h4>Qu\u00e8 s\u00f3n les cookies?<\/h4>\n<p>Les cookies s\u00f3n petits arxius de dades que es reben al terminal des del lloc web visitat i es fan servir per registrar certes interaccions de la navegaci\u00f3 en un lloc web emmagatzemant dades que podran ser actualitzades i recuperades. Aquests fitxers s&#8217;emmagatzemen a l&#8217;ordinador de l&#8217;usuari i cont\u00e9 dades an\u00f2nimes que no s\u00f3n perjudicials per al vostre equip. S&#8217;utilitzen per recordar les prefer\u00e8ncies de l&#8217;usuari, com ara l&#8217;idioma seleccionat, les dades d&#8217;acc\u00e9s o la personalitzaci\u00f3 de la p\u00e0gina.<\/p>\n<p>Les cookies tamb\u00e9 poden ser utilitzades per registrar informaci\u00f3 an\u00f2nima sobre com un visitant utilitza un lloc. Per exemple, des de quina p\u00e0gina web heu accedit, o si heu utilitzat un \u00abbanner\u00bb publicitari per arribar-hi.<\/p>\n<h4>Per qu\u00e8 utilitzem cookies?<\/h4>\n<p><strong>Bijective Property<\/strong>, utilitza cookies estrictament necess\u00e0ries i essencials perqu\u00e8 utilitzi els nostres llocs web i permetin moure&#8217;s lliurement, utilitzar \u00e0rees segures, opcions personalitzades, etc. A m\u00e9s, <strong>Bijective Property<\/strong><strong>, <\/strong> utilitza cookies que recullen dades relatives a l&#8217;an\u00e0lisi d&#8217;\u00fas del web. Aquestes es fan servir per ajudar a millorar el servei al client, mesurant l&#8217;\u00fas i el rendiment de la p\u00e0gina, per optimitzar-la i personalitzar-la.<\/p>\n<p>Els nostres llocs tamb\u00e9 poden tenir enlla\u00e7os de xarxes socials (com Facebook o Twitter). <strong>Bijective Property<\/strong><strong>, <\/strong> no controla les cookies utilitzades per aquestes webs externes. Per a m\u00e9s informaci\u00f3 sobre les galetes de les xarxes socials o altres webs alienes, aconsellem revisar les seves pr\u00f2pies pol\u00edtiques de cookies.<\/p>\n<p>Aquest lloc web utilitza galetes de la seg\u00fcent manera:<\/p>\n<ul>\n<li><strong>Cookie de Google<\/strong> ANALYTICS: Google ANALYTICS \u00e9s un servei gratu\u00eft que ofereix Google Inc. i que recull informaci\u00f3 sobre les p\u00e0gines del web consultat, a quina hora, quin navegador web, etc. Posteriorment, aquesta informaci\u00f3 s&#8217;envia als servidors de Google Inc.<\/li>\n<li><strong>Cookies d&#8217;aplicaci\u00f3<\/strong>, Add-this: Add-this \u00e9s un servei gratu\u00eft que us permet compartir p\u00e0gines d&#8217;aquest lloc web per diferents mitjans (correu electr\u00f2nic, xarxes socials, etc.). Add-his recull informaci\u00f3 estad\u00edstica de la vostra navegaci\u00f3 per proporcionar publicitat adaptada als vostres h\u00e0bits de navegaci\u00f3 en aquest lloc web o en qualsevol altre lloc.<\/li>\n<\/ul>\n<h4>Quin \u00fas donem als diferents tipus de cookies?<\/h4>\n<p><strong>Segons la finalitat:<\/strong><\/p>\n<ul>\n<li><strong>Cookies t\u00e8cniques:<\/strong> Les cookies t\u00e8cniques s\u00f3n aquelles imprescindibles i estrictament necess\u00e0ries per al funcionament correcte d&#8217;un portal web i la utilitzaci\u00f3 de les diferents opcions i serveis que ofereix. Per exemple, les que serveixen per al manteniment de la sessi\u00f3, la gesti\u00f3 del temps de resposta, el rendiment o la validaci\u00f3 d&#8217;opcions, utilitzar elements de seguretat, compartir contingut amb xarxes socials, etc.<\/li>\n<li><strong>Galetes de personalitzaci\u00f3:<\/strong> Aquestes galetes permeten a l&#8217;usuari especificar o personalitzar algunes caracter\u00edstiques de les opcions generals de la p\u00e0gina web, per exemple, definir l&#8217;idioma, configuraci\u00f3 regional o tipus de navegador.<\/li>\n<li><strong>Cookies anal\u00edtiques<\/strong>: Les cookies anal\u00edtiques s\u00f3n les utilitzades pel nostre portal web, per elaborar perfils de navegaci\u00f3 i poder con\u00e8ixer les prefer\u00e8ncies dels usuaris del mateix per tal de millorar l&#8217;oferta de productes i serveis. Per exemple, mitjan\u00e7ant una galeta anal\u00edtica es controlarien les \u00e0rees geogr\u00e0fiques de m\u00e9s inter\u00e8s d&#8217;un usuari, quin \u00e9s el producte de m\u00e9s acceptaci\u00f3, etc.<\/li>\n<li><strong>Cookies publicit\u00e0ries\/de publicitat:<\/strong> Les galetes publicit\u00e0ries permeten la gesti\u00f3 dels espais publicitaris en base a criteris concrets. Per exemple, la freq\u00fc\u00e8ncia dacc\u00e9s, el contingut editat, etc. Les galetes de publicitat permeten a trav\u00e9s de la gesti\u00f3 de la publicitat emmagatzemar informaci\u00f3 del comportament a trav\u00e9s de l&#8217;observaci\u00f3 d&#8217;h\u00e0bits, estudiant els accessos i formant un perfil de prefer\u00e8ncies de l&#8217;usuari, per oferir publicitat relacionada amb els interessos del perfil.<\/li>\n<\/ul>\n<p><strong>Segons termini:<\/strong><\/p>\n<ul>\n<li><strong>Cookies de sessi\u00f3:<\/strong> Les galetes de sessi\u00f3 s\u00f3n aquelles que duren el temps que l&#8217;usuari est\u00e0 navegant per la p\u00e0gina web i s&#8217;esborren al final.<\/li>\n<li><strong>Cookies persistents: <\/strong> Aquestes galetes queden emmagatzemades al terminal de l&#8217;usuari, per un temps m\u00e9s llarg, facilitant aix\u00ed el control de les prefer\u00e8ncies triades sense haver de repetir certs par\u00e0metres cada vegada que es visiti el lloc web.<\/li>\n<\/ul>\n<p>Aquestes cookies han de complir amb el RGPD-UE-2016\/679, la, LOPD-3\/2018, de Garantia dels Drets Digitals i la normativa de la LSSI-CE.<\/p>\n<h4>Cookies pr\u00f2pies en \u00fas<\/h4>\n<p><strong>S&#8217;han perm\u00e8s les cookies seg\u00fcents entre d&#8217;altres en visitar aquesta p\u00e0gina web<\/strong>:<\/p>\n<table>\n<tbody>\n<tr>\n<td width=\"125\"><strong> <\/strong><\/p>\n<p><strong>DOMINI<\/strong><\/td>\n<td width=\"195\">&nbsp;<\/p>\n<p><strong>COOKIE<\/strong><\/td>\n<td width=\"76\">&nbsp;<\/p>\n<p><strong>EMPRESA<\/strong><\/td>\n<td width=\"98\">&nbsp;<\/p>\n<p><strong>FUNCI\u00d3<\/strong><\/td>\n<td width=\"87\">&nbsp;<\/p>\n<p><strong>CADUCITAT<\/strong><\/td>\n<\/tr>\n<tr>\n<td rowspan=\"3\" width=\"125\"><strong>algranobistro.com<\/strong><\/td>\n<td width=\"195\">_ga<\/p>\n<p>&nbsp;<\/td>\n<td width=\"76\">Google<\/td>\n<td width=\"98\">Analytics<\/td>\n<td width=\"87\">2, anys<\/td>\n<\/tr>\n<tr>\n<td width=\"195\">_gat<\/td>\n<td width=\"76\">Google<\/td>\n<td width=\"98\">Analytics<\/td>\n<td width=\"87\">2, anys<\/td>\n<\/tr>\n<tr>\n<td width=\"195\">_gid<\/td>\n<td width=\"76\">Google<\/td>\n<td width=\"98\">Analytics<\/td>\n<td width=\"87\">Sessi\u00f3<\/td>\n<\/tr>\n<\/tbody>\n<\/table>\n<h4>Cookies externes en \u00fas<\/h4>\n<p><strong>Algunes de les cookies en \u00fas:<\/strong><\/p>\n<table>\n<tbody>\n<tr>\n<td width=\"111\"><strong> <\/strong><\/p>\n<p><strong>DOMINI<\/strong><\/td>\n<td width=\"123\">&nbsp;<\/p>\n<p><strong>COOKIE<\/strong><\/td>\n<td width=\"104\">&nbsp;<\/p>\n<p><strong>EMPRESA<\/strong><\/td>\n<td width=\"123\">&nbsp;<\/p>\n<p><strong>FUNCI\u00d3<\/strong><\/td>\n<td width=\"113\">&nbsp;<\/p>\n<p><strong>CADUCITAT<\/strong><\/td>\n<\/tr>\n<tr>\n<td width=\"111\">Google.com<\/td>\n<td width=\"123\">1P_JAR<\/td>\n<td width=\"104\">Google<\/td>\n<td width=\"123\">An\u00e1lisis de dades<\/td>\n<td width=\"113\">1, mes<\/td>\n<\/tr>\n<tr>\n<td width=\"111\"><\/td>\n<td width=\"123\">ANID<\/td>\n<td width=\"104\">Google<\/td>\n<td width=\"123\">Publicitaria<\/td>\n<td width=\"113\">Persistent<\/td>\n<\/tr>\n<tr>\n<td width=\"111\"><\/td>\n<td width=\"123\">NID<\/td>\n<td width=\"104\">Google<\/td>\n<td width=\"123\">amagatzema les preferencies del usuari.<\/td>\n<td width=\"113\">6, messos<\/td>\n<\/tr>\n<tr>\n<td width=\"111\"><\/td>\n<td width=\"123\">Secure 3PAPISID<\/td>\n<td width=\"104\">Google<\/td>\n<td width=\"123\">Publicitaria<\/td>\n<td width=\"113\">Persistent<\/td>\n<\/tr>\n<tr>\n<td width=\"111\"><\/td>\n<td width=\"123\">Secure 3PSID<\/td>\n<td width=\"104\">Google<\/td>\n<td width=\"123\">Analytics<\/td>\n<td width=\"113\">Persistent<\/td>\n<\/tr>\n<tr>\n<td width=\"111\"><\/td>\n<td width=\"123\">Secure 3PSIDCC<\/td>\n<td width=\"104\">Google<\/td>\n<td width=\"123\">Publicitaria<\/td>\n<td width=\"113\">1, any<\/td>\n<\/tr>\n<tr>\n<td width=\"111\">doubleclick<\/td>\n<td width=\"123\">DSID<\/td>\n<td width=\"104\">doubleclik<\/td>\n<td width=\"123\">Publicitaria<\/td>\n<td width=\"113\">Persistent<\/td>\n<\/tr>\n<tr>\n<td width=\"111\"><\/td>\n<td width=\"123\">IDE<\/td>\n<td width=\"104\">doubleclick<\/td>\n<td width=\"123\">Publicitaria<\/td>\n<td width=\"113\">Persistent.<\/td>\n<\/tr>\n<tr>\n<td width=\"111\"><\/td>\n<td width=\"123\">RUL<\/td>\n<td width=\"104\">doubleclick<\/td>\n<td width=\"123\">Publicitaria<\/td>\n<td width=\"113\">1, any<\/td>\n<\/tr>\n<tr>\n<td width=\"111\">Prim.app-us1.com<\/td>\n<td width=\"123\">prim<\/td>\n<td width=\"104\">Prim<\/td>\n<td width=\"123\">Desconeguda<\/td>\n<td width=\"113\">Desconeguda<\/td>\n<\/tr>\n<\/tbody>\n<\/table>\n<h4>Per qu\u00e8 necessitem el vostre consentiment expl\u00edcit per utilitzar-les?<\/h4>\n<ul>\n<li><strong><u>Sent\u00e8ncia de la Gran Sala del Tribunal de Just\u00edcia de la Uni\u00f3 Europea, d&#8217;1 d&#8217;octubre del 2019, i Guia sobre l&#8217;\u00fas de les galetes de l&#8217;AEPD, juliol del 2020.<\/u><\/strong><\/li>\n<\/ul>\n<p>La sent\u00e8ncia de la Gran Sala del Tribunal de Just\u00edcia de la Uni\u00f3 Europea, del dia 1 doctubre de 2019, sha dinterpretar en el sentit que el consentiment no es presta de manera v\u00e0lida quan lemmagatzematge dinformaci\u00f3, o lacc\u00e9s a la informaci\u00f3 ja emmagatzemada a l&#8217;equip terminal de l&#8217;usuari d&#8217;un lloc web d&#8217;internet, a trav\u00e9s de cookies s&#8217;autoritza mitjan\u00e7ant una casella marcada per defecte de la qual l&#8217;usuari ha de retirar la marca en cas que en vulgui rebutjar l&#8217;\u00fas. En aquest sentit, l&#8217;autoritzaci\u00f3 s&#8217;ha de basar en un consentiment expl\u00edcit mitjan\u00e7ant un Check de, <strong><u>acceptaci\u00f3<\/u><\/strong>, expl\u00edcita, un check de, <strong><u>rebuig<\/u><\/strong>, per part de l&#8217;usuari i un check de <strong><u>m\u00e9s informaci\u00f3<\/u><\/strong> de les cookies exposades.<\/p>\n<p>Aquesta interpretaci\u00f3 no pot variar en funci\u00f3 de si la informaci\u00f3 emmagatzemada o consultada al terminal de l&#8217;usuari d&#8217;un lloc web consti o no de dades de car\u00e0cter personal.<\/p>\n<p>La Gran Sala del Tribunal de Just\u00edcia de la Uni\u00f3 Europea tamb\u00e9 disposa en aquesta sent\u00e8ncia que la informaci\u00f3 que el prove\u00efdor de serveis ha de facilitar a l&#8217;usuari d&#8217;un lloc web d&#8217;internet ha d&#8217;incloure el temps en qu\u00e8 les galetes romandran actives i la possibilitat que tercers puguin accedir a la informaci\u00f3 que aquestes emmagatzemen. Aquest requisit estableix la versi\u00f3 modificada per la Directiva 2009\/136, que modifica l&#8217;article 5, apartat 3, de la Directiva 2002\/58\/UE, i per la Guia de l&#8217;AEPD de juliol de 2020<\/p>\n<p>Pel que fa a la possibilitat que l&#8217;usuari pugui rebutjar l&#8217;\u00fas de les cookies, cal tenir en compte que si rebutja o esborra les cookies de navegaci\u00f3 per la Web, no podrem mantenir les seves prefer\u00e8ncies, algunes caracter\u00edstiques de les p\u00e0gines no estaran operatives, no podrem oferir-vos serveis personalitzats i cada vegada que aneu a navegar per la nostra web haurem de sol\u00b7licitar-vos de nou la vostra autoritzaci\u00f3 per a l&#8217;\u00fas de cookies.<\/p>\n<p>Si aix\u00ed i tot, decidiu modificar la configuraci\u00f3 del vostre acc\u00e9s a la p\u00e0gina web, heu de saber que \u00e9s possible eliminar les cookies o impedir que es registri aquesta informaci\u00f3 en el vostre equip en qualsevol moment mitjan\u00e7ant la modificaci\u00f3 dels par\u00e0metres de configuraci\u00f3 del vostre navegador:<\/p>\n<ul>\n<li><a href=\"https:\/\/support.microsoft.com\/es-es\/help\/17442\/windows-internet-explorer-delete-manage-cookies\">Configuraci\u00f3 de galetes d&#8217;Internet Explorer.<\/a><\/li>\n<li><a href=\"https:\/\/support.mozilla.org\/es\/kb\/habilitar-y-deshabilitar-cookies-sitios-web-rastrear-preferencias\">Configuraci\u00f3 de cookies de Firefox.<\/a><\/li>\n<li><a href=\"https:\/\/support.google.com\/chrome\/answer\/95647?co=GENIE.Platform%3DDesktop&amp;hl=es-419\">Configuraci\u00f3 de cookies de Google Chrome.<\/a><\/li>\n<li><a href=\"https:\/\/support.apple.com\/es-es\/guide\/safari\/sfri11471\/mac\">Configuraci\u00f3 de cookies de Safari.<\/a><\/li>\n<\/ul>\n<p>Aquests navegadors estan sotmesos a canvis o modificacions, per la qual cosa no podem garantir que s&#8217;ajustin completament a la versi\u00f3 del vostre navegador. Tamb\u00e9 pot ser que utilitzeu un altre navegador no contemplat en aquests enlla\u00e7os com Konqueror, Arora, Flock, etc. Per evitar aquests desajustaments, podeu accedir directament des de les opcions del vostre navegador que es troba generalment al men\u00fa d&#8217;Opcions, a la secci\u00f3 de Privadesa. (Si us plau, consulteu l&#8217;ajuda del vostre navegador per a m\u00e9s informaci\u00f3.)<\/p>\n<h4>On puc obtenir m\u00e9s informaci\u00f3?<\/h4>\n<p>Pots trobar m\u00e9s informaci\u00f3 sobre cookies a:<\/p>\n<p>www.allaboutcookies.org o www.youronlinechoices.eu.<\/p>\n<\/div><\/div><\/div><\/div><\/div><\/div><\/section>\n","protected":false},"excerpt":{"rendered":"Bijective Property, S.L., d&#8217;ara endavant, Bijective Property,utilitza \u00abCOOKIES\u00bb per garantir el correcte funcionament del nostre portal web, millorant la seguretat, per obtenir una efic\u00e0cia i una personalitzaci\u00f3 superiors, per recollir dades estad\u00edstiques i per mostrar publicitat rellevant. Marqueu en un Check, \u00abACCEPTAR\u00bb per autoritzar-ne l&#8217;\u00fas, amb un altre Check, \u201cREBUTZAR\u201d per rebutjar-les i un altre...","protected":false},"author":1,"featured_media":0,"parent":0,"menu_order":0,"comment_status":"closed","ping_status":"open","template":"","meta":{"footnotes":""},"class_list":["post-478","page","type-page","status-publish","hentry"],"_links":{"self":[{"href":"https:\/\/algranobistro.com\/ca\/wp-json\/wp\/v2\/pages\/478","targetHints":{"allow":["GET"]}}],"collection":[{"href":"https:\/\/algranobistro.com\/ca\/wp-json\/wp\/v2\/pages"}],"about":[{"href":"https:\/\/algranobistro.com\/ca\/wp-json\/wp\/v2\/types\/page"}],"author":[{"embeddable":true,"href":"https:\/\/algranobistro.com\/ca\/wp-json\/wp\/v2\/users\/1"}],"replies":[{"embeddable":true,"href":"https:\/\/algranobistro.com\/ca\/wp-json\/wp\/v2\/comments?post=478"}],"version-history":[{"count":2,"href":"https:\/\/algranobistro.com\/ca\/wp-json\/wp\/v2\/pages\/478\/revisions"}],"predecessor-version":[{"id":480,"href":"https:\/\/algranobistro.com\/ca\/wp-json\/wp\/v2\/pages\/478\/revisions\/480"}],"wp:attachment":[{"href":"https:\/\/algranobistro.com\/ca\/wp-json\/wp\/v2\/media?parent=478"}],"curies":[{"name":"wp","href":"https:\/\/api.w.org\/{rel}","templated":true}]}}