{"id":484,"date":"2023-03-07T13:01:02","date_gmt":"2023-03-07T12:01:02","guid":{"rendered":"https:\/\/algranobistro.com\/carta\/"},"modified":"2026-03-11T18:27:31","modified_gmt":"2026-03-11T17:27:31","slug":"carta","status":"publish","type":"page","link":"https:\/\/algranobistro.com\/ca\/inici\/carta\/","title":{"rendered":"CARTA &#8211; Sant Antoni"},"content":{"rendered":"<section class=\"l-section wpb_row height_medium with_img\"><div class=\"l-section-img\" role=\"img\" aria-label=\"Imatge\" data-img-width=\"2560\" data-img-height=\"500\" style=\"background-image: url(https:\/\/algranobistro.com\/wp-content\/uploads\/2023\/03\/Slider-Text.jpg);background-position: center right;\"><\/div><div class=\"l-section-h i-cf\"><div class=\"g-cols vc_row via_grid cols_1 laptops-cols_inherit tablets-cols_inherit mobiles-cols_1 valign_top type_default stacking_default\"><div class=\"wpb_column vc_column_container\"><div class=\"vc_column-inner\"><div class=\"w-separator size_small\"><\/div><h3 class=\"w-text us_custom_eb849559\"><span class=\"w-text-h\"><span class=\"w-text-value\">CARTA<\/span><\/span><\/h3><\/div><\/div><\/div><\/div><\/section><section class=\"l-section wpb_row height_auto\"><div class=\"l-section-h i-cf\"><div class=\"g-cols vc_row via_grid cols_1 laptops-cols_inherit tablets-cols_inherit mobiles-cols_1 valign_top type_default stacking_default\"><div class=\"wpb_column vc_column_container\"><div class=\"vc_column-inner\"><div class=\"wpb_text_column\"><div class=\"wpb_wrapper\"><p style=\"text-align: center;\">El men\u00fa de pasta inclou tant pasta fresca feta cada dia com pasta de petits productors artesanals italians. La nostra pasta \u00e9s un homenatge a totes les regions d&#8217;It\u00e0lia perqu\u00e8 els nostres comensals se sentin com si fossin en un viatge des del nord fins al sud d&#8217;It\u00e0lia.<\/p>\n<\/div><\/div><div class=\"w-separator size_small\"><\/div><div class=\"w-iconbox iconpos_left style_default color_primary align_center no_text\"><a title=\"Carta\" href=\"https:\/\/algranobistro.com\/wp-content\/uploads\/2026\/02\/Food_Menu-Catalan-05.02.pdf\" class=\"w-iconbox-link\" aria-label=\"Carta i postres\"><div class=\"w-iconbox-icon\" style=\"font-size:1.5rem;\"><i class=\"fas fa-download\"><\/i><\/div><\/a><div class=\"w-iconbox-meta\"><h6 class=\"w-iconbox-title\"><a title=\"Carta\" href=\"https:\/\/algranobistro.com\/wp-content\/uploads\/2026\/02\/Food_Menu-Catalan-05.02.pdf\" class=\"w-iconbox-link\" aria-label=\"Carta i postres\">Carta i postres<\/a><\/h6><\/div><\/div><div class=\"w-separator size_small\"><\/div><div class=\"w-iconbox iconpos_left style_default color_primary align_center no_text\"><a title=\"Cocktails i begudes\" href=\"https:\/\/algranobistro.com\/wp-content\/uploads\/2026\/03\/Drinks-espanol-06.11.pdf\" class=\"w-iconbox-link\" aria-label=\"Cocktails i begudes\"><div class=\"w-iconbox-icon\" style=\"font-size:1.5rem;\"><i class=\"fas fa-download\"><\/i><\/div><\/a><div class=\"w-iconbox-meta\"><h6 class=\"w-iconbox-title\"><a title=\"Cocktails i begudes\" href=\"https:\/\/algranobistro.com\/wp-content\/uploads\/2026\/03\/Drinks-espanol-06.11.pdf\" class=\"w-iconbox-link\" aria-label=\"Cocktails i begudes\">Cocktails i begudes<\/a><\/h6><\/div><\/div><div class=\"w-separator size_small\"><\/div><div class=\"w-iconbox iconpos_left style_default color_primary align_center no_text\"><a title=\"Carta de vins\" href=\"https:\/\/algranobistro.com\/wp-content\/uploads\/2026\/01\/Carta-Vino-AlGrano-Tamarit-DICEMBRE-2025.pdf\" class=\"w-iconbox-link\" aria-label=\"Carta de vins\"><div class=\"w-iconbox-icon\" style=\"font-size:1.5rem;\"><i class=\"fas fa-download\"><\/i><\/div><\/a><div class=\"w-iconbox-meta\"><h6 class=\"w-iconbox-title\"><a title=\"Carta de vins\" href=\"https:\/\/algranobistro.com\/wp-content\/uploads\/2026\/01\/Carta-Vino-AlGrano-Tamarit-DICEMBRE-2025.pdf\" class=\"w-iconbox-link\" aria-label=\"Carta de vins\">Carta de vins<\/a><\/h6><\/div><\/div><div class=\"w-separator size_small with_line width_default thick_3 style_solid color_border align_center\"><div class=\"w-separator-h\"><\/div><\/div><h5 class=\"w-text us_custom_eb849559\"><span class=\"w-text-h\"><span class=\"w-text-value\">Men\u00fa de grups<\/span><\/span><\/h5><div class=\"w-iconbox iconpos_left style_default color_primary align_center no_text\"><a title=\"Carta de vins\" href=\"https:\/\/algranobistro.com\/wp-content\/uploads\/2026\/02\/MENU-1-CA.pdf\" class=\"w-iconbox-link\" aria-label=\"Men\u00fa 1\"><div class=\"w-iconbox-icon\" style=\"font-size:1.5rem;\"><i class=\"fas fa-download\"><\/i><\/div><\/a><div class=\"w-iconbox-meta\"><h6 class=\"w-iconbox-title\"><a title=\"Carta de vins\" href=\"https:\/\/algranobistro.com\/wp-content\/uploads\/2026\/02\/MENU-1-CA.pdf\" class=\"w-iconbox-link\" aria-label=\"Men\u00fa 1\">Men\u00fa 1<\/a><\/h6><\/div><\/div><div class=\"w-separator size_small\"><\/div><div class=\"w-iconbox iconpos_left style_default color_primary align_center no_text\"><a title=\"Carta de vins\" href=\"https:\/\/algranobistro.com\/wp-content\/uploads\/2026\/02\/MENU-1-con-bebidas-CA.pdf\" class=\"w-iconbox-link\" aria-label=\"Men\u00fa 1 amb vi i limoncello\"><div class=\"w-iconbox-icon\" style=\"font-size:1.5rem;\"><i class=\"fas fa-download\"><\/i><\/div><\/a><div class=\"w-iconbox-meta\"><h6 class=\"w-iconbox-title\"><a title=\"Carta de vins\" href=\"https:\/\/algranobistro.com\/wp-content\/uploads\/2026\/02\/MENU-1-con-bebidas-CA.pdf\" class=\"w-iconbox-link\" aria-label=\"Men\u00fa 1 amb vi i limoncello\">Men\u00fa 1 amb vi i limoncello<\/a><\/h6><\/div><\/div><div class=\"w-separator size_small\"><\/div><div class=\"w-iconbox iconpos_left style_default color_primary align_center no_text\"><a title=\"Carta de vins\" href=\"https:\/\/algranobistro.com\/wp-content\/uploads\/2026\/02\/MENU-2-CA.pdf\" class=\"w-iconbox-link\" aria-label=\"Men\u00fa 2\"><div class=\"w-iconbox-icon\" style=\"font-size:1.5rem;\"><i class=\"fas fa-download\"><\/i><\/div><\/a><div class=\"w-iconbox-meta\"><h6 class=\"w-iconbox-title\"><a title=\"Carta de vins\" href=\"https:\/\/algranobistro.com\/wp-content\/uploads\/2026\/02\/MENU-2-CA.pdf\" class=\"w-iconbox-link\" aria-label=\"Men\u00fa 2\">Men\u00fa 2<\/a><\/h6><\/div><\/div><div class=\"w-separator size_small\"><\/div><div class=\"w-iconbox iconpos_left style_default color_primary align_center no_text\"><a title=\"Carta de vins\" href=\"https:\/\/algranobistro.com\/wp-content\/uploads\/2026\/02\/MENU-2-con-bebidas-CA.pdf\" class=\"w-iconbox-link\" aria-label=\"Men\u00fa 2 amb vi i limoncello\"><div class=\"w-iconbox-icon\" style=\"font-size:1.5rem;\"><i class=\"fas fa-download\"><\/i><\/div><\/a><div class=\"w-iconbox-meta\"><h6 class=\"w-iconbox-title\"><a title=\"Carta de vins\" href=\"https:\/\/algranobistro.com\/wp-content\/uploads\/2026\/02\/MENU-2-con-bebidas-CA.pdf\" class=\"w-iconbox-link\" aria-label=\"Men\u00fa 2 amb vi i limoncello\">Men\u00fa 2 amb vi i limoncello<\/a><\/h6><\/div><\/div><div class=\"w-separator size_small\"><\/div><\/div><\/div><\/div><\/div><\/section>\n","protected":false},"excerpt":{"rendered":"CARTAEl men\u00fa de pasta inclou tant pasta fresca feta cada dia com pasta de petits productors artesanals italians. La nostra pasta \u00e9s un homenatge a totes les regions d&#8217;It\u00e0lia perqu\u00e8 els nostres comensals se sentin com si fossin en un viatge des del nord fins al sud d&#8217;It\u00e0lia. Carta i postresCocktails i begudesCarta de vinsMen\u00fa...","protected":false},"author":1,"featured_media":0,"parent":504,"menu_order":0,"comment_status":"closed","ping_status":"closed","template":"","meta":{"footnotes":""},"class_list":["post-484","page","type-page","status-publish","hentry"],"_links":{"self":[{"href":"https:\/\/algranobistro.com\/ca\/wp-json\/wp\/v2\/pages\/484","targetHints":{"allow":["GET"]}}],"collection":[{"href":"https:\/\/algranobistro.com\/ca\/wp-json\/wp\/v2\/pages"}],"about":[{"href":"https:\/\/algranobistro.com\/ca\/wp-json\/wp\/v2\/types\/page"}],"author":[{"embeddable":true,"href":"https:\/\/algranobistro.com\/ca\/wp-json\/wp\/v2\/users\/1"}],"replies":[{"embeddable":true,"href":"https:\/\/algranobistro.com\/ca\/wp-json\/wp\/v2\/comments?post=484"}],"version-history":[{"count":83,"href":"https:\/\/algranobistro.com\/ca\/wp-json\/wp\/v2\/pages\/484\/revisions"}],"predecessor-version":[{"id":1559,"href":"https:\/\/algranobistro.com\/ca\/wp-json\/wp\/v2\/pages\/484\/revisions\/1559"}],"up":[{"embeddable":true,"href":"https:\/\/algranobistro.com\/ca\/wp-json\/wp\/v2\/pages\/504"}],"wp:attachment":[{"href":"https:\/\/algranobistro.com\/ca\/wp-json\/wp\/v2\/media?parent=484"}],"curies":[{"name":"wp","href":"https:\/\/api.w.org\/{rel}","templated":true}]}}