{"id":536,"date":"2023-04-19T10:00:22","date_gmt":"2023-04-19T08:00:22","guid":{"rendered":"https:\/\/algranobistro.com\/avis-legal\/"},"modified":"2024-05-23T17:28:09","modified_gmt":"2024-05-23T15:28:09","slug":"avis-legal","status":"publish","type":"page","link":"https:\/\/algranobistro.com\/ca\/avis-legal\/","title":{"rendered":"Av\u00eds legal"},"content":{"rendered":"<section class=\"l-section wpb_row height_medium\"><div class=\"l-section-h i-cf\"><div class=\"g-cols vc_row via_grid cols_1 laptops-cols_inherit tablets-cols_inherit mobiles-cols_1 valign_top type_default stacking_default\"><div class=\"wpb_column vc_column_container\"><div class=\"vc_column-inner\"><div class=\"wpb_text_column\"><div class=\"wpb_wrapper\"><h4>Informaci\u00f3 corporativa<\/h4>\n<p>En compliment de la Llei 34\/2002, de 11 de juliol, de serveis de la societat de la informaci\u00f3 i de comer\u00e7 electr\u00f2nic, <strong>Bijective Property, S.L.<\/strong><strong><em>,<\/em><\/strong><strong> <\/strong>d&#8217;ara endavant, <strong>Bijective Property<\/strong>, us informa que \u00e9s titular dels llocs web: <a href=\"https:\/\/algranobistro.com\/ca\/\"><strong>www.algranobistro.com<\/strong><\/a><strong>,<\/strong> d&#8217;acord amb l&#8217;exig\u00e8ncia de l&#8217;article 10 de la Llei esmentada, i notifica les dades seg\u00fcents: amb NIF\/CIF: <strong>B65888497<\/strong>. Domicili social : <strong>Carrer Tamarit s\/n<\/strong><strong>,<\/strong> Codi Postal: <strong>08015<\/strong>. Localitat: <strong>BARCELONA.<\/strong> Prov\u00edncia: <strong>BARCELONA.<\/strong> L&#8217;adre\u00e7a electr\u00f2nica de contacte amb l&#8217;empresa \u00e9s: <a href=\"mailto:info@algranobistro.com\">info@algranobistro.com<\/a><\/p>\n<h4>Usuari i r\u00e8gim de responsabilitats<\/h4>\n<p>La navegaci\u00f3 per acc\u00e9s o \u00fas de la p\u00e0gina web i tots els subdominis i directoris inclosos sota la mateixa, aix\u00ed com els serveis o continguts que a trav\u00e9s seu es puguin obtenir i tots els portals de domini propi sota titularitat de <strong>Bijective Property<\/strong>, atorga la Condici\u00f3 de <strong>Usuari<\/strong>, per la qual s&#8217;accepten, en navegar per la p\u00e0gina <strong>Bijective Property<\/strong>, totes les condicions d&#8217;\u00fas que s&#8217;estableixen aqu\u00ed sense perjudicar l&#8217;aplicaci\u00f3 de la corresponent normativa de compliment legal obligat segons el cas.<\/p>\n<p>Per aix\u00f2, si les consideracions detallades en aquest av\u00eds legal no s\u00f3n de la seva conformitat, preguem que no faci \u00fas del portal, ja que qualsevol \u00fas que en faci el mateix o els serveis i continguts en ell inclosos implicar\u00e0 l&#8217;acceptaci\u00f3 dels termes legals recollits en aquest text.<\/p>\n<p>La p\u00e0gina web de <strong>Bijective Property<\/strong><strong> <\/strong>proporciona una gran diversitat d&#8217;informaci\u00f3, serveis i dades. L&#8217;usuari assumeix la responsabilitat en l&#8217;\u00fas correcte dels llocs web. Aquesta responsabilitat s&#8217;estendr\u00e0 a: La veracitat i licitud de les informacions aportades per l&#8217;usuari als formularis emesos per <strong>Bijective Property<\/strong><strong> <\/strong>per accedir a determinats continguts o serveis oferts per la web.<\/p>\n<p>L&#8217;\u00fas de la informaci\u00f3, serveis i dades ofertes per <strong>Bijective Property<\/strong><strong> <\/strong>no aniran contra les disposicions d&#8217;aquestes condicions, la Llei, la moral, els bons costums o l&#8217;ordre p\u00fablic o que, si no \u00e9s aix\u00ed, puguin suposar lesi\u00f3 dels drets de tercers o del funcionament dels llocs web. A aquest efecte, l&#8217;Usuari s&#8217;abstindr\u00e0 d&#8217;utilitzar qualsevol dels continguts amb finalitats o efectes il\u00b7l\u00edcits, prohibits en aquest text, lesius dels drets i interessos de tercers, o que de qualsevol manera puguin danyar, inutilitzar, sobrecarregar, deteriorar o impedir-ne la normal utilitzaci\u00f3 dels continguts, altres Usuaris o de qualsevol usuari dInternet (hardware i software).<\/p>\n<p>Els usuaris respondran dels danys i perjudicis de tota naturalesa que l&#8217;empresa propiet\u00e0ria del web pugui patir, directament o indirectament, com a conseq\u00fc\u00e8ncia d&#8217;incompliment de qualsevol de les obligacions derivades de l&#8217;\u00fas del web i d&#8217;aquesta pol\u00edtica de privadesa.<\/p>\n<p>En particular, ia t\u00edtol merament indicatiu i no exhaustiu, l&#8217;Usuari es compromet a no transmetre, difondre o posar a disposici\u00f3 de tercers informacions, dades, continguts, missatges, gr\u00e0fics, dibuixos, arxius de so i\/o imatge, fotografies de la web .<\/p>\n<\/div><\/div><\/div><\/div><\/div><\/div><\/section>\n","protected":false},"excerpt":{"rendered":"Informaci\u00f3 corporativa En compliment de la Llei 34\/2002, de 11 de juliol, de serveis de la societat de la informaci\u00f3 i de comer\u00e7 electr\u00f2nic, Bijective Property, S.L., d&#8217;ara endavant, Bijective Property, us informa que \u00e9s titular dels llocs web: www.algranobistro.com, d&#8217;acord amb l&#8217;exig\u00e8ncia de l&#8217;article 10 de la Llei esmentada, i notifica les dades seg\u00fcents:...","protected":false},"author":1,"featured_media":0,"parent":0,"menu_order":0,"comment_status":"closed","ping_status":"open","template":"","meta":{"footnotes":""},"class_list":["post-536","page","type-page","status-publish","hentry"],"_links":{"self":[{"href":"https:\/\/algranobistro.com\/ca\/wp-json\/wp\/v2\/pages\/536","targetHints":{"allow":["GET"]}}],"collection":[{"href":"https:\/\/algranobistro.com\/ca\/wp-json\/wp\/v2\/pages"}],"about":[{"href":"https:\/\/algranobistro.com\/ca\/wp-json\/wp\/v2\/types\/page"}],"author":[{"embeddable":true,"href":"https:\/\/algranobistro.com\/ca\/wp-json\/wp\/v2\/users\/1"}],"replies":[{"embeddable":true,"href":"https:\/\/algranobistro.com\/ca\/wp-json\/wp\/v2\/comments?post=536"}],"version-history":[{"count":2,"href":"https:\/\/algranobistro.com\/ca\/wp-json\/wp\/v2\/pages\/536\/revisions"}],"predecessor-version":[{"id":538,"href":"https:\/\/algranobistro.com\/ca\/wp-json\/wp\/v2\/pages\/536\/revisions\/538"}],"wp:attachment":[{"href":"https:\/\/algranobistro.com\/ca\/wp-json\/wp\/v2\/media?parent=536"}],"curies":[{"name":"wp","href":"https:\/\/api.w.org\/{rel}","templated":true}]}}