{"id":845,"date":"2025-03-06T09:14:02","date_gmt":"2025-03-06T08:14:02","guid":{"rendered":"https:\/\/algranobistro.com\/gracies\/"},"modified":"2025-11-03T08:44:14","modified_gmt":"2025-11-03T07:44:14","slug":"gracies","status":"publish","type":"page","link":"https:\/\/algranobistro.com\/ca\/inici\/gracies\/","title":{"rendered":"GR\u00c0CIES &#8211; Sant Antoni"},"content":{"rendered":"<section class=\"l-section wpb_row height_medium with_img\"><div class=\"l-section-img\" role=\"img\" aria-label=\"Imatge\" data-img-width=\"2560\" data-img-height=\"500\" style=\"background-image: url(https:\/\/algranobistro.com\/wp-content\/uploads\/2023\/03\/Slider-Text.jpg);background-position: center right;\"><\/div><div class=\"l-section-h i-cf\"><div class=\"g-cols vc_row via_grid cols_1 laptops-cols_inherit tablets-cols_inherit mobiles-cols_1 valign_top type_default stacking_default\"><div class=\"wpb_column vc_column_container\"><div class=\"vc_column-inner\"><div class=\"w-separator size_small\"><\/div><h3 class=\"w-text us_custom_eb849559\"><span class=\"w-text-h\"><span class=\"w-text-value\">GR\u00c0CIES<\/span><\/span><\/h3><\/div><\/div><\/div><\/div><\/section><section class=\"l-section wpb_row height_auto\"><div class=\"l-section-h i-cf\"><div class=\"g-cols vc_row via_grid cols_1 laptops-cols_inherit tablets-cols_inherit mobiles-cols_1 valign_top type_default stacking_default\"><div class=\"wpb_column vc_column_container\"><div class=\"vc_column-inner\"><div class=\"wpb_text_column\"><div class=\"wpb_wrapper\"><h4 style=\"text-align: center;\">La reserva s&#8217;ha fet correctament.<\/h4>\n<\/div><\/div><\/div><\/div><\/div><\/div><\/section><section class=\"l-section wpb_row height_small\"><div class=\"l-section-h i-cf\"><div class=\"g-cols vc_row via_grid cols_1 laptops-cols_inherit tablets-cols_inherit mobiles-cols_1 valign_top type_default stacking_default\"><div class=\"wpb_column vc_column_container\"><div class=\"vc_column-inner\"><div class=\"wpb_text_column\"><div class=\"wpb_wrapper\"><p><span>Estem encantats que hagis triat <strong>Algrano Bistro<\/strong> per a la teva propera experi\u00e8ncia gastron\u00f2mica. La teva reserva ha estat confirmada i estem impacients per donar-te la benvinguda.<\/span><\/p>\n<h4>Tens alguna pregunta?<\/h4>\n<p><span>Si necessites fer algun canvi a la teva reserva o tens alguna pregunta, no dubtis en contactar-nos:<\/span><\/p>\n<ul>\n<li><span><strong>Tel\u00e8fon:<\/strong> <a href=\"tel:931749037\">931 74 90 37<\/a><\/span><\/li>\n<li><span><strong>Correu Electr\u00f2nic:<\/strong> <a href=\"mailto:info@algranobistro\">info@algranobistro<\/a><\/span><\/li>\n<\/ul>\n<\/div><\/div><\/div><\/div><\/div><\/div><\/section>\n","protected":false},"excerpt":{"rendered":"GR\u00c0CIESLa reserva s&#8217;ha fet correctament. Estem encantats que hagis triat Algrano Bistro per a la teva propera experi\u00e8ncia gastron\u00f2mica. La teva reserva ha estat confirmada i estem impacients per donar-te la benvinguda. Tens alguna pregunta? Si necessites fer algun canvi a la teva reserva o tens alguna pregunta, no dubtis en contactar-nos: Tel\u00e8fon: 931 74...","protected":false},"author":1,"featured_media":0,"parent":504,"menu_order":0,"comment_status":"closed","ping_status":"closed","template":"","meta":{"footnotes":""},"class_list":["post-845","page","type-page","status-publish","hentry"],"_links":{"self":[{"href":"https:\/\/algranobistro.com\/ca\/wp-json\/wp\/v2\/pages\/845","targetHints":{"allow":["GET"]}}],"collection":[{"href":"https:\/\/algranobistro.com\/ca\/wp-json\/wp\/v2\/pages"}],"about":[{"href":"https:\/\/algranobistro.com\/ca\/wp-json\/wp\/v2\/types\/page"}],"author":[{"embeddable":true,"href":"https:\/\/algranobistro.com\/ca\/wp-json\/wp\/v2\/users\/1"}],"replies":[{"embeddable":true,"href":"https:\/\/algranobistro.com\/ca\/wp-json\/wp\/v2\/comments?post=845"}],"version-history":[{"count":6,"href":"https:\/\/algranobistro.com\/ca\/wp-json\/wp\/v2\/pages\/845\/revisions"}],"predecessor-version":[{"id":1203,"href":"https:\/\/algranobistro.com\/ca\/wp-json\/wp\/v2\/pages\/845\/revisions\/1203"}],"up":[{"embeddable":true,"href":"https:\/\/algranobistro.com\/ca\/wp-json\/wp\/v2\/pages\/504"}],"wp:attachment":[{"href":"https:\/\/algranobistro.com\/ca\/wp-json\/wp\/v2\/media?parent=845"}],"curies":[{"name":"wp","href":"https:\/\/api.w.org\/{rel}","templated":true}]}}